{"id":27,"date":"2016-05-26T13:58:14","date_gmt":"2016-05-26T12:58:14","guid":{"rendered":"http:\/\/bclean-services.fr\/?page_id=27"},"modified":"2017-02-10T10:03:22","modified_gmt":"2017-02-10T09:03:22","slug":"multiservices","status":"publish","type":"page","link":"http:\/\/www.bclean-services.fr\/index.php\/multiservices\/","title":{"rendered":"Multiservices"},"content":{"rendered":"<h1>BCLEAN SERVICES<\/h1>\n<p>propose \u00e0 ceux qui font d\u00e9j\u00e0 appel \u00e0 ses services de nettoyage, des prestations de <strong>jardinage<\/strong>, de bricolage, etc. pour un tarif d&rsquo;environ 30% moins cher que ce que propose la concurrence. N&rsquo;h\u00e9sitez plus et contactez nous\u00a0!<\/p>\n<p>&nbsp;<\/p>\n<h2>Petits travaux du quotidien : jardinage, tonte, etc.<\/h2>\n<p>Une fuite d&rsquo;eau ? Un meuble \u00e0 monter ? Une pelouse \u00e0 tondre ? Confiez vos travaux du quotidien \u00e0 l&rsquo;<strong>entreprise de multiservices<\/strong> <strong>B&rsquo;CLEAN SERVICES<\/strong> ! Elle se charge d&rsquo;envoyer dans votre entreprise, un technicien comp\u00e9tent pour :<\/p>\n<ul>\n<li>R\u00e9parer votre fuite d&rsquo;eau<\/li>\n<li>Changer une ampoule<\/li>\n<li>Monter un meuble<\/li>\n<li>Faire des petits travaux peinture int\u00e9rieure<\/li>\n<li>Poser du carrelage<\/li>\n<li>Faire des petits travaux de ma\u00e7onnerie<\/li>\n<li>Faire du <strong>jardinage<\/strong> : <strong>tonte de pelouse<\/strong>, ramassage des feuilles, etc.<\/li>\n<li>Gestion des salles de r\u00e9union : petit d\u00e9m\u00e9nagement, etc.<\/li>\n<\/ul>\n<p>&nbsp;<\/p>\n<h2>D\u00e9barras de vos encombrants<\/h2>\n<p><strong>B&rsquo;CLEAN SERVICES<\/strong> met toute son exp\u00e9rience \u00e0 votre service en vous proposant des prestations soign\u00e9es et rapides pour le d\u00e9barras de votre cave, appartement et autres locaux, avec possibilit\u00e9 de d\u00e9p\u00f4t de bennes. Vos archives, mobiliers de bureau et mat\u00e9riels informatiques usag\u00e9s seront recycl\u00e9s par nos soins (avec certificat de recyclage).<\/p>\n<p>Demandez un devis gratuit \u00e0 l&rsquo;entreprise de multiservices ! Nous interviendrons dans un d\u00e9lai de 24h apr\u00e8s validation de celui-ci.<\/p>\n","protected":false},"excerpt":{"rendered":"<p>BCLEAN SERVICES propose \u00e0 ceux qui font d\u00e9j\u00e0 appel \u00e0 ses services de nettoyage, des prestations de jardinage, de bricolage, etc. pour un tarif d&rsquo;environ 30% moins cher que ce que propose la concurrence. N&rsquo;h\u00e9sitez plus et contactez nous\u00a0! &nbsp; Petits travaux du quotidien : jardinage, tonte, etc. Une fuite d&rsquo;eau ? Un meuble \u00e0 monter ? Une pelouse \u00e0 tondre ? Confiez vos travaux du quotidien \u00e0 l&rsquo;entreprise de multiservices B&rsquo;CLEAN SERVICES ! Elle se charge d&rsquo;envoyer dans votre entreprise, un technicien comp\u00e9tent pour : R\u00e9parer votre fuite d&rsquo;eau Changer une ampoule Monter un meuble Faire des petits travaux peinture int\u00e9rieure Poser du carrelage Faire des petits travaux de ma\u00e7onnerie Faire du jardinage : tonte de pelouse, ramassage des feuilles, etc. Gestion des salles de r\u00e9union : petit d\u00e9m\u00e9nagement, etc. &nbsp; D\u00e9barras de vos encombrants B&rsquo;CLEAN SERVICES met toute son exp\u00e9rience \u00e0 votre service en vous proposant des prestations soign\u00e9es et rapides pour le d\u00e9barras de votre cave, appartement et autres locaux, avec possibilit\u00e9 de d\u00e9p\u00f4t de bennes. Vos archives, mobiliers de bureau et mat\u00e9riels informatiques usag\u00e9s seront recycl\u00e9s par nos soins (avec certificat de recyclage). Demandez un devis gratuit \u00e0 l&rsquo;entreprise de multiservices ! Nous interviendrons dans un d\u00e9lai de 24h apr\u00e8s validation de celui-ci.<\/p>\n","protected":false},"author":1,"featured_media":0,"parent":0,"menu_order":0,"comment_status":"closed","ping_status":"closed","template":"","meta":[],"_links":{"self":[{"href":"http:\/\/www.bclean-services.fr\/index.php\/wp-json\/wp\/v2\/pages\/27"}],"collection":[{"href":"http:\/\/www.bclean-services.fr\/index.php\/wp-json\/wp\/v2\/pages"}],"about":[{"href":"http:\/\/www.bclean-services.fr\/index.php\/wp-json\/wp\/v2\/types\/page"}],"author":[{"embeddable":true,"href":"http:\/\/www.bclean-services.fr\/index.php\/wp-json\/wp\/v2\/users\/1"}],"replies":[{"embeddable":true,"href":"http:\/\/www.bclean-services.fr\/index.php\/wp-json\/wp\/v2\/comments?post=27"}],"version-history":[{"count":4,"href":"http:\/\/www.bclean-services.fr\/index.php\/wp-json\/wp\/v2\/pages\/27\/revisions"}],"predecessor-version":[{"id":79,"href":"http:\/\/www.bclean-services.fr\/index.php\/wp-json\/wp\/v2\/pages\/27\/revisions\/79"}],"wp:attachment":[{"href":"http:\/\/www.bclean-services.fr\/index.php\/wp-json\/wp\/v2\/media?parent=27"}],"curies":[{"name":"wp","href":"https:\/\/api.w.org\/{rel}","templated":true}]}}