{"id":29,"date":"2016-05-26T13:58:53","date_gmt":"2016-05-26T12:58:53","guid":{"rendered":"http:\/\/bclean-services.fr\/?page_id=29"},"modified":"2017-06-22T07:29:10","modified_gmt":"2017-06-22T06:29:10","slug":"nos-references","status":"publish","type":"page","link":"http:\/\/www.bclean-services.fr\/index.php\/nos-references\/","title":{"rendered":"Nos r\u00e9f\u00e9rences"},"content":{"rendered":"<p><strong>Vous souhaitez en savoir plus sur les r\u00e9f\u00e9rences de l&rsquo;entreprise BCLEAN SERVICES ?<\/strong><\/p>\n<p>D\u00e9couvrez ci-dessous la liste des entreprises qui ont d\u00e9j\u00e0 fait appel \u00e0 ses services. Comme vous pouvez le voir, de nombreuses enseignes ont d&rsquo;ores et d\u00e9j\u00e0 fait confiance \u00e0 la qualit\u00e9 des prestations de nettoyage de <strong>BCLEAN SERVICES<\/strong> dans des domaines aussi vari\u00e9s que l&rsquo;agroalimentaire, le secteur sant\u00e9, l&rsquo;h\u00f4tellerie restauration, le secteur tertiaire\u2026<\/p>\n<p>&nbsp;<\/p>\n<p>X<\/p>\n<p>&nbsp;<\/p>\n<p>Confier vos travaux de nettoyage \u00e0 <strong>BCLEAN SERVICES<\/strong>, c&rsquo;est faire le choix de prestations soign\u00e9es de qualit\u00e9, aux finitions irr\u00e9prochables.<\/p>\n<p>Entreprises, professionnels, quel que soit votre besoin en hygi\u00e8ne et propret\u00e9, <a href=\"http:\/\/www.bclean-services.fr\/index.php\/demande-de-devis\/\">demandez un devis<\/a> de prestation de nettoyage, pour une intervention ponctuelle ou un contrat r\u00e9gulier. Et pour tout autre renseignement, n&rsquo;h\u00e9sitez pas, prenez contact !<\/p>\n","protected":false},"excerpt":{"rendered":"<p>Vous souhaitez en savoir plus sur les r\u00e9f\u00e9rences de l&rsquo;entreprise BCLEAN SERVICES ? D\u00e9couvrez ci-dessous la liste des entreprises qui ont d\u00e9j\u00e0 fait appel \u00e0 ses services. Comme vous pouvez le voir, de nombreuses enseignes ont d&rsquo;ores et d\u00e9j\u00e0 fait confiance \u00e0 la qualit\u00e9 des prestations de nettoyage de BCLEAN SERVICES dans des domaines aussi vari\u00e9s que l&rsquo;agroalimentaire, le secteur sant\u00e9, l&rsquo;h\u00f4tellerie restauration, le secteur tertiaire\u2026 &nbsp; X &nbsp; Confier vos travaux de nettoyage \u00e0 BCLEAN SERVICES, c&rsquo;est faire le choix de prestations soign\u00e9es de qualit\u00e9, aux finitions irr\u00e9prochables. Entreprises, professionnels, quel que soit votre besoin en hygi\u00e8ne et propret\u00e9, demandez un devis de prestation de nettoyage, pour une intervention ponctuelle ou un contrat r\u00e9gulier. Et pour tout autre renseignement, n&rsquo;h\u00e9sitez pas, prenez contact !<\/p>\n","protected":false},"author":1,"featured_media":0,"parent":0,"menu_order":0,"comment_status":"closed","ping_status":"closed","template":"","meta":[],"_links":{"self":[{"href":"http:\/\/www.bclean-services.fr\/index.php\/wp-json\/wp\/v2\/pages\/29"}],"collection":[{"href":"http:\/\/www.bclean-services.fr\/index.php\/wp-json\/wp\/v2\/pages"}],"about":[{"href":"http:\/\/www.bclean-services.fr\/index.php\/wp-json\/wp\/v2\/types\/page"}],"author":[{"embeddable":true,"href":"http:\/\/www.bclean-services.fr\/index.php\/wp-json\/wp\/v2\/users\/1"}],"replies":[{"embeddable":true,"href":"http:\/\/www.bclean-services.fr\/index.php\/wp-json\/wp\/v2\/comments?post=29"}],"version-history":[{"count":6,"href":"http:\/\/www.bclean-services.fr\/index.php\/wp-json\/wp\/v2\/pages\/29\/revisions"}],"predecessor-version":[{"id":83,"href":"http:\/\/www.bclean-services.fr\/index.php\/wp-json\/wp\/v2\/pages\/29\/revisions\/83"}],"wp:attachment":[{"href":"http:\/\/www.bclean-services.fr\/index.php\/wp-json\/wp\/v2\/media?parent=29"}],"curies":[{"name":"wp","href":"https:\/\/api.w.org\/{rel}","templated":true}]}}